{"id":2856,"date":"2024-10-14T18:29:01","date_gmt":"2024-10-14T16:29:01","guid":{"rendered":"https:\/\/dev.jeannepascalphotographe.com\/?page_id=2856"},"modified":"2025-09-04T14:34:49","modified_gmt":"2025-09-04T12:34:49","slug":"mentions-legales","status":"publish","type":"page","link":"https:\/\/jeannepascalphotographe.com\/index.php\/mentions-legales\/","title":{"rendered":"Mentions l\u00e9gales"},"content":{"rendered":"\n<p class=\"has-text-align-center uag-hide-desktop uag-hide-tab\"><a href=\"https:\/\/jeannepascalphotographe.com\/\">Accueil<\/a> - <a href=\"\/index.php\/just-the-way-you-are\/\">Portfolio<\/a> - <a href=\"\/index.php\/mon-histoire\/\">H\u00e9ritage<\/a> - <a href=\"\/index.php\/temoignages\/\">T\u00e9moignage<\/a> - <a href=\"\/index.php\/infos-contact\/\">Info&amp;Contact<\/a> - <a href=\"\/index.php\/blog\/\">Blog<\/a><\/p>\n\n\n\n<div class=\"wp-block-uagb-container uagb-block-dxode7fj alignfull uagb-is-root-container\"><div class=\"uagb-container-inner-blocks-wrap\">\n<div class=\"wp-block-uagb-info-box uagb-block-wdkwe1oc uagb-infobox__content-wrap  uagb-infobox-icon-above-title uagb-infobox-image-valign-top wp-block-uagb-info-box--has-margin\"><div class=\"uagb-infobox-margin-wrapper\"><div class=\"uagb-ifb-content\"><div class=\"uagb-ifb-title-wrap\"><p class=\"uagb-ifb-title-prefix\"><br>En vigueur au 01\/10\/2024<\/p><h2 class=\"uagb-ifb-title\">Mentions l\u00e9gales<\/h2><\/div><p class=\"uagb-ifb-desc\"><br>Conform\u00e9ment \u00e0 la <em>loi n\u00b02004-575 du 21 juin 2004<\/em> pour la confiance dans l\u2019\u00e9conomie num\u00e9rique, les pr\u00e9sentes mentions l\u00e9gales ont pour objet de porter \u00e0 la connaissance des utilisateurs du site internet accessible \u00e0 l\u2019adresse URL https\/\/www.jeannepascalphotographe.com l\u2019ensemble des renseignements n\u00e9cessaires \u00e0 l\u2019identification de l\u2019entreprise, de l\u2019\u00e9diteur, de l\u2019h\u00e9bergeur ou le responsable de publication du site.<br><br>Les pr\u00e9sentes mentions l\u00e9gales sont accessibles directement sur le site \u00e0 la rubrique <em>\u00ab&nbsp;Mentions l\u00e9gales&nbsp;\u00bb<\/em>.<br><br>Toute connexion et navigation sur le site, par l\u2019utilisateur implique l'acceptation sans r\u00e9serve des pr\u00e9sentes mentions l\u00e9gales.<\/p><\/div><\/div><\/div>\n<\/div><\/div>\n\n\n\n<div class=\"wp-block-uagb-container uagb-block-24175bf2 alignfull uagb-is-root-container\"><div class=\"uagb-container-inner-blocks-wrap\">\n<div class=\"wp-block-uagb-info-box uagb-block-bd6d51f3 uagb-infobox__content-wrap  uagb-infobox-icon-above-title uagb-infobox-image-valign-top wp-block-uagb-info-box--has-margin\"><div class=\"uagb-infobox-margin-wrapper\"><div class=\"uagb-ifb-content\"><div class=\"uagb-ifb-title-wrap\"><p class=\"uagb-ifb-title-prefix\"><br><\/p><h2 class=\"uagb-ifb-title\">Editeur du site<\/h2><\/div><p class=\"uagb-ifb-desc\"><br>L\u2019\u00e9dition du pr\u00e9sent site est assur\u00e9e par<em>&nbsp;:&nbsp;<\/em><br>EI Jeanne Pascal Photographe<br><em>Immatricul\u00e9e au <\/em><strong><em>RCS&nbsp;de<\/em><\/strong> Avignon <strong><em>sous le n\u00b0 SIRET <\/em><\/strong>51500104800039<br><em>Domicili\u00e9e <\/em>271 rue Am\u00e9d\u00e9e Ginies 84240 La Tour d\u2019Aigues<br>EI Jeanne Pascal Photographe<strong><em>n\u2019est pas assujettie \u00e0 la TVA conform\u00e9ment \u00e0 l\u2019article 293 B du code g\u00e9n\u00e9ral des imp\u00f4ts.<\/em><\/strong><br><br>L\u2019\u00e9diteur du site peut \u00eatre contact\u00e9&nbsp;:<br><br>Par mail&nbsp;: jeannepascalphoto@gmail.com<br>Par t\u00e9l\u00e9phone : 0647494247<br>Via le formulaire de contact&nbsp;du site www.jeannepascalphotographe.com<\/p><\/div><\/div><\/div>\n\n\n\n<div class=\"wp-block-uagb-info-box uagb-block-758a03df uagb-infobox__content-wrap  uagb-infobox-icon-above-title uagb-infobox-image-valign-top wp-block-uagb-info-box--has-margin\"><div class=\"uagb-infobox-margin-wrapper\"><div class=\"uagb-ifb-content\"><div class=\"uagb-ifb-title-wrap\"><p class=\"uagb-ifb-title-prefix\"><br><\/p><h2 class=\"uagb-ifb-title\">Responsable de publication<\/h2><\/div><p class=\"uagb-ifb-desc\"><br>EI Jeanne Pascal Photographe est responsable de la publication des contenus diffus\u00e9s sur le site www.jeannepascalphotographe.com <\/p><\/div><\/div><\/div>\n\n\n\n<div class=\"wp-block-uagb-info-box uagb-block-c1a303bf uagb-infobox__content-wrap  uagb-infobox-icon-above-title uagb-infobox-image-valign-top wp-block-uagb-info-box--has-margin\"><div class=\"uagb-infobox-margin-wrapper\"><div class=\"uagb-ifb-content\"><div class=\"uagb-ifb-title-wrap\"><p class=\"uagb-ifb-title-prefix\"><br><\/p><h2 class=\"uagb-ifb-title\">H\u00e9bergeur du site<\/h2><\/div><p class=\"uagb-ifb-desc\"><br>Le site www.jeannepascalphotographe.com est h\u00e9berg\u00e9 par la soci\u00e9t\u00e9&nbsp;:&nbsp;<br><strong><em>OVH SAS - <\/em><\/strong>2 rue Kellermann - 59100 Roubaix \u2013 France&nbsp;<\/p><\/div><\/div><\/div>\n\n\n\n<div class=\"wp-block-uagb-info-box uagb-block-147515d7 uagb-infobox__content-wrap  uagb-infobox-icon-above-title uagb-infobox-image-valign-top wp-block-uagb-info-box--has-margin\"><div class=\"uagb-infobox-margin-wrapper\"><div class=\"uagb-ifb-content\"><div class=\"uagb-ifb-title-wrap\"><p class=\"uagb-ifb-title-prefix\"><br><\/p><h2 class=\"uagb-ifb-title\">Acc\u00e8s au site<\/h2><\/div><p class=\"uagb-ifb-desc\"><br>Le site internet est accessible \u00e0 tout utilisateur disposant d\u2019un acc\u00e8s \u00e0 internet. Le site est r\u00e9dig\u00e9 en langue fran\u00e7aise. Tous les frais li\u00e9s \u00e0 l\u2019acc\u00e8s au site (\u00e9quipement informatique, connexion internet optimis\u00e9e, abonnement internet le cas \u00e9ch\u00e9ant ..etc) sont \u00e0 la charge de l'Utilisateur.<br><br>Le site permet la pr\u00e9sentation des prestations propos\u00e9es \u00e0 la vente par <a href=\"http:\/\/www.jeannepascalphotographe.com\">www.jeannepascalphotographe.com<\/a>&nbsp;<br><br>Le site internet est accessible en tout lieu 7j\/7 et 24h\/24 sauf cas de force majeure ou interruption r\u00e9sultant d'une op\u00e9ration de maintenance n\u00e9cessaire, que celle-ci soit programm\u00e9e ou non.&nbsp;<br><br>L'\u00c9diteur du site ne sera pas tenu responsable en cas de modification, interruption ou suppression du site internet.&nbsp;<\/p><\/div><\/div><\/div>\n\n\n\n<div class=\"wp-block-uagb-info-box uagb-block-26439c25 uagb-infobox__content-wrap  uagb-infobox-icon-above-title uagb-infobox-image-valign-top wp-block-uagb-info-box--has-margin\"><div class=\"uagb-infobox-margin-wrapper\"><div class=\"uagb-ifb-content\"><div class=\"uagb-ifb-title-wrap\"><p class=\"uagb-ifb-title-prefix\"><br><\/p><h2 class=\"uagb-ifb-title\">Collecte et traitement des donn\u00e9es personnelles<\/h2><\/div><p class=\"uagb-ifb-desc\"><br>Les donn\u00e9es personnelles de l\u2019utilisateur qui pourront \u00eatre collect\u00e9es et trait\u00e9es, le seront dans le respect de la vie priv\u00e9e conform\u00e9ment \u00e0 <strong><em>la loi n\u00b078-17 du 6 janvier 1978<\/em><\/strong> relative \u00e0 l'informatique, aux fichiers et aux libert\u00e9s et au R\u00e8glement europ\u00e9en sur la protection des donn\u00e9es personnelles (\u00ab RGPD \u00bb).<br><br>L\u2019utilisateur peut exercer son droit d'acc\u00e8s, de modification, de rectification, de limitation, d\u2019opposition ou de suppression de ses donn\u00e9es personnelles en contactant directement l\u2019\u00e9diteur du site soit&nbsp;:&nbsp;<br><br>- via le formulaire de contact du site www.jeannepascalphotographe.com<br>- par mail \u00e0 l\u2019adresse jeannepascalphoto@gmail.com<\/p><\/div><\/div><\/div>\n\n\n\n<div class=\"wp-block-uagb-info-box uagb-block-e960906a uagb-infobox__content-wrap  uagb-infobox-icon-above-title uagb-infobox-image-valign-top wp-block-uagb-info-box--has-margin\"><div class=\"uagb-infobox-margin-wrapper\"><div class=\"uagb-ifb-content\"><div class=\"uagb-ifb-title-wrap\"><p class=\"uagb-ifb-title-prefix\"><br><\/p><h2 class=\"uagb-ifb-title\">Propri\u00e9t\u00e9 intellectuelle<\/h2><\/div><p class=\"uagb-ifb-desc\"><br>Les informations figurant sur le pr\u00e9sent site sont uniquement disponibles \u00e0 des fins de consultation par les utilisateurs.<br><br><br>Toute utilisation\/publication\/reproduction totale ou partielle du site ou de son contenu (texte, photos, vid\u00e9os, logo, nom de domaine\u2026), quel que soit le proc\u00e9d\u00e9 ou le support utilis\u00e9, \u00e0 des fins commerciales ou publicitaires ou \u00e0 des fins non conformes \u00e0 l\u2019usage auquel il est destin\u00e9, est strictement interdite et engage la responsabilit\u00e9 de l\u2019Utilisateur conform\u00e9ment aux articles L 335-2 et suivants du Code de la propri\u00e9t\u00e9 intellectuelle<\/p><\/div><\/div><\/div>\n\n\n\n<div class=\"wp-block-uagb-info-box uagb-block-551f988d uagb-infobox__content-wrap  uagb-infobox-icon-above-title uagb-infobox-image-valign-top wp-block-uagb-info-box--has-margin\"><div class=\"uagb-infobox-margin-wrapper\"><div class=\"uagb-ifb-content\"><div class=\"uagb-ifb-title-wrap\"><p class=\"uagb-ifb-title-prefix\"><br><\/p><h2 class=\"uagb-ifb-title\">La gestion des cookies<\/h2><\/div><p class=\"uagb-ifb-desc\"><br>Conform\u00e9ment \u00e0 la d\u00e9lib\u00e9ration de la <em>CNIL n\u00b0 2013-378 du 5 d\u00e9cembre 2013<\/em>, l\u2019utilisateur est inform\u00e9 que lors de ses visites sur le site, des cookies (petits fichiers) peuvent \u00eatre install\u00e9s et stock\u00e9s temporairement et automatiquement sur le disque dur de son \u00e9quipement informatique (ordinateur, tablette, t\u00e9l\u00e9phone mobile) par le logiciel de navigation.&nbsp;<br><br>En utilisant ou en visitant le site <a href=\"http:\/\/www.jeannepascalphotographe.com\">www.jeannepascalphotographe.com<\/a> l\u2019utilisateur accepte les cookies essentiels au bon fonctionnement du site.&nbsp;<br><br>Les cookies essentiels sont des cookies techniques indispensables \u00e0 l\u2019utilisation du site mais ne contiennent pas d\u2019information personnelle ou confidentielle et ne peuvent pas \u00eatre utilis\u00e9s pour identifier l\u2019utilisateur. Les cookies visent \u00e0 am\u00e9liorer la navigation sur le site.<br><br>L\u2019utilisateur pourra d\u00e9sactiver les cookies via les param\u00e8tres de son logiciel de navigation.<\/p><\/div><\/div><\/div>\n\n\n\n<div class=\"wp-block-uagb-info-box uagb-block-9e1726e6 uagb-infobox__content-wrap  uagb-infobox-icon-above-title uagb-infobox-image-valign-top wp-block-uagb-info-box--has-margin\"><div class=\"uagb-infobox-margin-wrapper\"><div class=\"uagb-ifb-content\"><div class=\"uagb-ifb-title-wrap\"><p class=\"uagb-ifb-title-prefix\"><br><\/p><h2 class=\"uagb-ifb-title\">Responsabilit\u00e9s<\/h2><\/div><p class=\"uagb-ifb-desc\"><br>Les informations diffus\u00e9es sur le site sont r\u00e9put\u00e9es fiables.&nbsp;<br><br>Pour autant, l\u2019\u00e9diteur du site ne garantit pas qu\u2019il soit exempt de d\u00e9fauts, d\u2019erreurs mat\u00e9rielles ou d\u2019omissions et s\u2019engage \u00e0 les corriger d\u00e8s qu\u2019il en aura connaissance.<br><br>Les informations pr\u00e9sent\u00e9es sur le site n\u2019ont pas de valeur contractuelle.&nbsp;<br><br>Si l\u2019utilisateur souhaite passer commande pour les produits pr\u00e9sent\u00e9s sur le site, il devra suivre le processus de commande d\u00e9taill\u00e9 dans les conditions g\u00e9n\u00e9rales de vente accessibles \u00e0 la rubrique \u00ab conditions g\u00e9n\u00e9rales de vente \u00bb du site.&nbsp;<br><br>L\u2019\u00e9diteur du site n\u2019est pas responsable&nbsp;d\u2019\u00e9ventuels virus qui pourraient infecter le mat\u00e9riel informatique de l\u2019Utilisateur, suite \u00e0 une utilisation, \u00e0 l\u2019acc\u00e8s, ou au t\u00e9l\u00e9chargement provenant de ce site.<\/p><\/div><\/div><\/div>\n\n\n\n<div class=\"wp-block-uagb-info-box uagb-block-68d4a723 uagb-infobox__content-wrap  uagb-infobox-icon-above-title uagb-infobox-image-valign-top wp-block-uagb-info-box--has-margin\"><div class=\"uagb-infobox-margin-wrapper\"><div class=\"uagb-ifb-content\"><div class=\"uagb-ifb-title-wrap\"><p class=\"uagb-ifb-title-prefix\"><br><\/p><h2 class=\"uagb-ifb-title\">Liens hypertextes<\/h2><\/div><p class=\"uagb-ifb-desc\"><br>Le site peut contenir des liens hypertextes.<br><br><br>Un lien hypertexte peut \u00eatre un texte ou une image qui permet d\u2019acc\u00e9der au contenu d\u2019un autre site internet tiers (par exemple un lien pour \u00eatre redirig\u00e9 vers un r\u00e9seau social).<br>L\u2019utilisateur reconna\u00eet \u00eatre inform\u00e9 qu\u2019en cliquant sur ces \u00e9ventuels liens, il sortira du site.<br>Il convient de rappeler que l\u2019\u00e9diteur du site n\u2019op\u00e8re aucun contr\u00f4le sur les pages web tiers sur lesquelles redirigent les liens hypertextes. Par cons\u00e9quent, l\u2019\u00e9diteur ne sera en aucun cas tenu responsable des contenus de ces pages web et de l\u2019utilisation des cookies sur ces sites web tiers ou applications.<br>L'utilisateur qui met en place un lien hypertexte vers tout ou partie du site, doit pr\u00e9alablement et obligatoirement, obtenir l'accord \u00e9crit de l'\u00e9diteur<\/p><\/div><\/div><\/div>\n\n\n\n<div class=\"wp-block-uagb-info-box uagb-block-1095a6ba uagb-infobox__content-wrap  uagb-infobox-icon-above-title uagb-infobox-image-valign-top wp-block-uagb-info-box--has-margin\"><div class=\"uagb-infobox-margin-wrapper\"><div class=\"uagb-ifb-content\"><div class=\"uagb-ifb-title-wrap\"><p class=\"uagb-ifb-title-prefix\"><br><\/p><h2 class=\"uagb-ifb-title\">Cr\u00e9dits<\/h2><\/div><p class=\"uagb-ifb-desc\"><br>Conception : <a href=\"mailto:hernandezflorent@gmail.com\">Florent Hernandez<\/a><br>Direction artistique : Florent Hernandez \/ Jeanne Pascal<br>Photographe\u00a0: Jeanne Pascal<\/p><\/div><\/div><\/div>\n<\/div><\/div>\n\n\n\n<div class=\"wp-block-uagb-container uagb-block-3d33ec51 alignfull uagb-is-root-container\"><div class=\"uagb-container-inner-blocks-wrap\"><\/div><\/div>\n","protected":false},"excerpt":{"rendered":"<p>Accueil &#8211; Portfolio &#8211; H\u00e9ritage &#8211; T\u00e9moignage &#8211; Info&amp;Contact &#8211; Blog<\/p>\n","protected":false},"author":1,"featured_media":0,"parent":0,"menu_order":0,"comment_status":"closed","ping_status":"closed","template":"","meta":{"_uag_custom_page_level_css":"","footnotes":""},"class_list":["post-2856","page","type-page","status-publish","hentry"],"fbg_featured_image_src":{"full":false,"thumbnail":false,"medium":false,"medium_large":false,"large":false,"ug_big":false,"1536x1536":false,"2048x2048":false},"fbg_excerpt":"Accueil - Portfolio - H\u00e9ritage - T\u00e9moignage - Info&amp;Contact - Blog","yoast_head":"<!-- This site is optimized with the Yoast SEO plugin v27.4 - https:\/\/yoast.com\/product\/yoast-seo-wordpress\/ -->\n<title>Mentions l\u00e9gales - Jeanne Pascal Photographe<\/title>\n<meta name=\"robots\" content=\"index, follow, max-snippet:-1, max-image-preview:large, max-video-preview:-1\" \/>\n<link rel=\"canonical\" href=\"https:\/\/jeannepascalphotographe.com\/index.php\/mentions-legales\/\" \/>\n<meta property=\"og:locale\" content=\"fr_FR\" \/>\n<meta property=\"og:type\" content=\"article\" \/>\n<meta property=\"og:title\" content=\"Mentions l\u00e9gales - Jeanne Pascal Photographe\" \/>\n<meta property=\"og:description\" content=\"Accueil - Portfolio - H\u00e9ritage - T\u00e9moignage - Info&amp;Contact - Blog\" \/>\n<meta property=\"og:url\" content=\"https:\/\/jeannepascalphotographe.com\/index.php\/mentions-legales\/\" \/>\n<meta property=\"og:site_name\" content=\"Jeanne Pascal Photographe\" \/>\n<meta property=\"article:modified_time\" content=\"2025-09-04T12:34:49+00:00\" \/>\n<meta name=\"twitter:card\" content=\"summary_large_image\" \/>\n<meta name=\"twitter:label1\" content=\"Dur\u00e9e de lecture estim\u00e9e\" \/>\n\t<meta name=\"twitter:data1\" content=\"5 minutes\" \/>\n<script type=\"application\/ld+json\" class=\"yoast-schema-graph\">{\"@context\":\"https:\\\/\\\/schema.org\",\"@graph\":[{\"@type\":\"WebPage\",\"@id\":\"https:\\\/\\\/jeannepascalphotographe.com\\\/index.php\\\/mentions-legales\\\/\",\"url\":\"https:\\\/\\\/jeannepascalphotographe.com\\\/index.php\\\/mentions-legales\\\/\",\"name\":\"Mentions l\u00e9gales - Jeanne Pascal Photographe\",\"isPartOf\":{\"@id\":\"https:\\\/\\\/jeannepascalphotographe.com\\\/#website\"},\"datePublished\":\"2024-10-14T16:29:01+00:00\",\"dateModified\":\"2025-09-04T12:34:49+00:00\",\"breadcrumb\":{\"@id\":\"https:\\\/\\\/jeannepascalphotographe.com\\\/index.php\\\/mentions-legales\\\/#breadcrumb\"},\"inLanguage\":\"fr-FR\",\"potentialAction\":[{\"@type\":\"ReadAction\",\"target\":[\"https:\\\/\\\/jeannepascalphotographe.com\\\/index.php\\\/mentions-legales\\\/\"]}]},{\"@type\":\"BreadcrumbList\",\"@id\":\"https:\\\/\\\/jeannepascalphotographe.com\\\/index.php\\\/mentions-legales\\\/#breadcrumb\",\"itemListElement\":[{\"@type\":\"ListItem\",\"position\":1,\"name\":\"Accueil\",\"item\":\"https:\\\/\\\/jeannepascalphotographe.com\\\/\"},{\"@type\":\"ListItem\",\"position\":2,\"name\":\"Mentions l\u00e9gales\"}]},{\"@type\":\"WebSite\",\"@id\":\"https:\\\/\\\/jeannepascalphotographe.com\\\/#website\",\"url\":\"https:\\\/\\\/jeannepascalphotographe.com\\\/\",\"name\":\"Jeanne Pascal Photographe\",\"description\":\"Donner de la m\u00e9moire \u00e0 l&#039;\u00e9ph\u00e9m\u00e8re\",\"publisher\":{\"@id\":\"https:\\\/\\\/jeannepascalphotographe.com\\\/#organization\"},\"potentialAction\":[{\"@type\":\"SearchAction\",\"target\":{\"@type\":\"EntryPoint\",\"urlTemplate\":\"https:\\\/\\\/jeannepascalphotographe.com\\\/?s={search_term_string}\"},\"query-input\":{\"@type\":\"PropertyValueSpecification\",\"valueRequired\":true,\"valueName\":\"search_term_string\"}}],\"inLanguage\":\"fr-FR\"},{\"@type\":\"Organization\",\"@id\":\"https:\\\/\\\/jeannepascalphotographe.com\\\/#organization\",\"name\":\"Jeanne Pascal Photographe\",\"url\":\"https:\\\/\\\/jeannepascalphotographe.com\\\/\",\"logo\":{\"@type\":\"ImageObject\",\"inLanguage\":\"fr-FR\",\"@id\":\"https:\\\/\\\/jeannepascalphotographe.com\\\/#\\\/schema\\\/logo\\\/image\\\/\",\"url\":\"\",\"contentUrl\":\"\",\"caption\":\"Jeanne Pascal Photographe\"},\"image\":{\"@id\":\"https:\\\/\\\/jeannepascalphotographe.com\\\/#\\\/schema\\\/logo\\\/image\\\/\"}}]}<\/script>\n<!-- \/ Yoast SEO plugin. -->","yoast_head_json":{"title":"Mentions l\u00e9gales - Jeanne Pascal Photographe","robots":{"index":"index","follow":"follow","max-snippet":"max-snippet:-1","max-image-preview":"max-image-preview:large","max-video-preview":"max-video-preview:-1"},"canonical":"https:\/\/jeannepascalphotographe.com\/index.php\/mentions-legales\/","og_locale":"fr_FR","og_type":"article","og_title":"Mentions l\u00e9gales - Jeanne Pascal Photographe","og_description":"Accueil - Portfolio - H\u00e9ritage - T\u00e9moignage - Info&amp;Contact - Blog","og_url":"https:\/\/jeannepascalphotographe.com\/index.php\/mentions-legales\/","og_site_name":"Jeanne Pascal Photographe","article_modified_time":"2025-09-04T12:34:49+00:00","twitter_card":"summary_large_image","twitter_misc":{"Dur\u00e9e de lecture estim\u00e9e":"5 minutes"},"schema":{"@context":"https:\/\/schema.org","@graph":[{"@type":"WebPage","@id":"https:\/\/jeannepascalphotographe.com\/index.php\/mentions-legales\/","url":"https:\/\/jeannepascalphotographe.com\/index.php\/mentions-legales\/","name":"Mentions l\u00e9gales - Jeanne Pascal Photographe","isPartOf":{"@id":"https:\/\/jeannepascalphotographe.com\/#website"},"datePublished":"2024-10-14T16:29:01+00:00","dateModified":"2025-09-04T12:34:49+00:00","breadcrumb":{"@id":"https:\/\/jeannepascalphotographe.com\/index.php\/mentions-legales\/#breadcrumb"},"inLanguage":"fr-FR","potentialAction":[{"@type":"ReadAction","target":["https:\/\/jeannepascalphotographe.com\/index.php\/mentions-legales\/"]}]},{"@type":"BreadcrumbList","@id":"https:\/\/jeannepascalphotographe.com\/index.php\/mentions-legales\/#breadcrumb","itemListElement":[{"@type":"ListItem","position":1,"name":"Accueil","item":"https:\/\/jeannepascalphotographe.com\/"},{"@type":"ListItem","position":2,"name":"Mentions l\u00e9gales"}]},{"@type":"WebSite","@id":"https:\/\/jeannepascalphotographe.com\/#website","url":"https:\/\/jeannepascalphotographe.com\/","name":"Jeanne Pascal Photographe","description":"Donner de la m\u00e9moire \u00e0 l&#039;\u00e9ph\u00e9m\u00e8re","publisher":{"@id":"https:\/\/jeannepascalphotographe.com\/#organization"},"potentialAction":[{"@type":"SearchAction","target":{"@type":"EntryPoint","urlTemplate":"https:\/\/jeannepascalphotographe.com\/?s={search_term_string}"},"query-input":{"@type":"PropertyValueSpecification","valueRequired":true,"valueName":"search_term_string"}}],"inLanguage":"fr-FR"},{"@type":"Organization","@id":"https:\/\/jeannepascalphotographe.com\/#organization","name":"Jeanne Pascal Photographe","url":"https:\/\/jeannepascalphotographe.com\/","logo":{"@type":"ImageObject","inLanguage":"fr-FR","@id":"https:\/\/jeannepascalphotographe.com\/#\/schema\/logo\/image\/","url":"","contentUrl":"","caption":"Jeanne Pascal Photographe"},"image":{"@id":"https:\/\/jeannepascalphotographe.com\/#\/schema\/logo\/image\/"}}]}},"uagb_featured_image_src":{"full":false,"thumbnail":false,"medium":false,"medium_large":false,"large":false,"ug_big":false,"1536x1536":false,"2048x2048":false},"uagb_author_info":{"display_name":"Jeanne","author_link":"https:\/\/jeannepascalphotographe.com\/index.php\/author\/admin3561\/"},"uagb_comment_info":0,"uagb_excerpt":"Accueil - Portfolio - H\u00e9ritage - T\u00e9moignage - Info&amp;Contact - Blog","_links":{"self":[{"href":"https:\/\/jeannepascalphotographe.com\/index.php\/wp-json\/wp\/v2\/pages\/2856","targetHints":{"allow":["GET"]}}],"collection":[{"href":"https:\/\/jeannepascalphotographe.com\/index.php\/wp-json\/wp\/v2\/pages"}],"about":[{"href":"https:\/\/jeannepascalphotographe.com\/index.php\/wp-json\/wp\/v2\/types\/page"}],"author":[{"embeddable":true,"href":"https:\/\/jeannepascalphotographe.com\/index.php\/wp-json\/wp\/v2\/users\/1"}],"replies":[{"embeddable":true,"href":"https:\/\/jeannepascalphotographe.com\/index.php\/wp-json\/wp\/v2\/comments?post=2856"}],"version-history":[{"count":13,"href":"https:\/\/jeannepascalphotographe.com\/index.php\/wp-json\/wp\/v2\/pages\/2856\/revisions"}],"predecessor-version":[{"id":3677,"href":"https:\/\/jeannepascalphotographe.com\/index.php\/wp-json\/wp\/v2\/pages\/2856\/revisions\/3677"}],"wp:attachment":[{"href":"https:\/\/jeannepascalphotographe.com\/index.php\/wp-json\/wp\/v2\/media?parent=2856"}],"curies":[{"name":"wp","href":"https:\/\/api.w.org\/{rel}","templated":true}]}}