{"id":442,"date":"2021-07-27T12:16:29","date_gmt":"2021-07-27T10:16:29","guid":{"rendered":"http:\/\/jeannepascalphotographe.com\/?page_id=442"},"modified":"2024-11-12T14:57:21","modified_gmt":"2024-11-12T13:57:21","slug":"infos-contact","status":"publish","type":"page","link":"https:\/\/jeannepascalphotographe.com\/index.php\/infos-contact\/","title":{"rendered":"Infos &#038; contact"},"content":{"rendered":"\n<p class=\"has-text-align-center uag-hide-desktop uag-hide-tab\"><a href=\"https:\/\/jeannepascalphotographe.com\/\">Accueil<\/a> - <a href=\"\/index.php\/just-the-way-you-are\/\">Portfolio<\/a> - <a href=\"\/index.php\/mon-histoire\/\">H\u00e9ritage<\/a> - <a href=\"\/index.php\/temoignages\/\">T\u00e9moignage<\/a> - <a href=\"\/index.php\/blog\/\">Blog<\/a><\/p>\n\n\n\n<div class=\"wp-block-uagb-container uagb-block-wh81ey0s alignfull uagb-is-root-container\"><div class=\"uagb-container-inner-blocks-wrap\">\n<div class=\"wp-block-uagb-info-box uagb-block-aeqfvlyg uagb-infobox__content-wrap  uagb-infobox-icon-above-title uagb-infobox-image-valign-top\"><div class=\"uagb-ifb-content\"><div class=\"uagb-ifb-title-wrap\"><h1 class=\"uagb-ifb-title\">Contactez-moi<\/h1><\/div><\/div><\/div>\n\n\n\n<div class=\"wp-block-uagb-info-box uagb-block-bqgvnjo0 uagb-infobox__content-wrap  uagb-infobox-icon-above-title uagb-infobox-image-valign-top\"><div class=\"uagb-ifb-content\"><div class=\"uagb-ifb-title-wrap\"><\/div><p class=\"uagb-ifb-desc\">Merci de l'int\u00e9r\u00eat que vous portez \u00e0 mon travail !<br>On prend un caf\u00e9 pour discuter de votre projet ? <\/p><\/div><\/div>\n<\/div><\/div>\n\n\n\n<div class=\"wp-block-uagb-container uagb-block-qrw99nly alignfull uagb-is-root-container\"><div class=\"uagb-container-inner-blocks-wrap\">\n<div class=\"wp-block-uagb-container uagb-block-fq1x8njl\">\n<div class=\"wp-block-uagb-info-box uagb-block-c2niriux uagb-infobox__content-wrap  uagb-infobox-icon-above-title uagb-infobox-image-valign-top\"><div class=\"uagb-ifb-content\"><div class=\"uagb-ifb-title-wrap\"><h2 class=\"uagb-ifb-title\">Vous, Moi et mon objectif ?<\/h2><\/div><p class=\"uagb-ifb-desc\">Un projet de photo, en amoureux, en famille ou seul, pour votre mariage, une grossesse ou une naissance ? Discutons-en. <br>Nous prendrons le temps de faire connaissance et de d\u00e9finir vos attentes. <\/p><div class=\"uagb-ifb-separator\"><\/div><\/div><\/div>\n\n\n\n<div class=\"wp-block-uagb-info-box uagb-block-lcwmrmlr uagb-infobox__content-wrap  uagb-infobox-icon-left-title uagb-infobox-left uagb-infobox-image-valign-top\"><div class=\"uagb-ifb-content\"><div class=\"uagb-ifb-left-title-image\"><div class=\"uagb-ifb-icon-wrap\"><svg xmlns=\"https:\/\/www.w3.org\/2000\/svg\" viewBox=\"0 0 384 512\"><path d=\"M168.3 499.2C116.1 435 0 279.4 0 192C0 85.96 85.96 0 192 0C298 0 384 85.96 384 192C384 279.4 267 435 215.7 499.2C203.4 514.5 180.6 514.5 168.3 499.2H168.3zM192 256C227.3 256 256 227.3 256 192C256 156.7 227.3 128 192 128C156.7 128 128 156.7 128 192C128 227.3 156.7 256 192 256z\"><\/path><\/svg><\/div><div class=\"uagb-ifb-title-wrap\"><p class=\"uagb-ifb-title\">Ma zone<\/p><\/div><\/div><p class=\"uagb-ifb-desc\">Aix-en-Provence - Lub\u00e9ron - Provence. Sur demande en France et Etranger.<\/p><div class=\"uagb-ifb-separator\"><\/div><\/div><\/div>\n\n\n\n<div class=\"wp-block-uagb-container uagb-block-99hsqytb\">\n<div class=\"wp-block-uagb-container uagb-block-rwhmfzzh\">\n<div class=\"wp-block-uagb-info-box uagb-block-2ujccvmf uagb-infobox__content-wrap  uagb-infobox-icon-left-title uagb-infobox-left uagb-infobox-image-valign-top\"><div class=\"uagb-ifb-content\"><div class=\"uagb-ifb-left-title-image\"><div class=\"uagb-ifb-icon-wrap\"><svg xmlns=\"https:\/\/www.w3.org\/2000\/svg\" viewBox=\"0 0 512 512\"><path d=\"M511.2 387l-23.25 100.8c-3.266 14.25-15.79 24.22-30.46 24.22C205.2 512 0 306.8 0 54.5c0-14.66 9.969-27.2 24.22-30.45l100.8-23.25C139.7-2.602 154.7 5.018 160.8 18.92l46.52 108.5c5.438 12.78 1.77 27.67-8.98 36.45L144.5 207.1c33.98 69.22 90.26 125.5 159.5 159.5l44.08-53.8c8.688-10.78 23.69-14.51 36.47-8.975l108.5 46.51C506.1 357.2 514.6 372.4 511.2 387z\"><\/path><\/svg><\/div><div class=\"uagb-ifb-title-wrap\"><p class=\"uagb-ifb-title\">Tel<\/p><\/div><\/div><p class=\"uagb-ifb-desc\">06 47 49 42 47<\/p><\/div><\/div>\n<\/div>\n\n\n\n<div class=\"wp-block-uagb-container uagb-block-ps9lcndr\">\n<div class=\"wp-block-uagb-info-box uagb-block-5vo0wsb7 uagb-infobox__content-wrap  uagb-infobox-icon-left-title uagb-infobox-left uagb-infobox-image-valign-top\"><div class=\"uagb-ifb-content\"><div class=\"uagb-ifb-left-title-image\"><div class=\"uagb-ifb-icon-wrap\"><svg xmlns=\"https:\/\/www.w3.org\/2000\/svg\" viewBox=\"0 0 512 512\"><path d=\"M464 64C490.5 64 512 85.49 512 112C512 127.1 504.9 141.3 492.8 150.4L275.2 313.6C263.8 322.1 248.2 322.1 236.8 313.6L19.2 150.4C7.113 141.3 0 127.1 0 112C0 85.49 21.49 64 48 64H464zM217.6 339.2C240.4 356.3 271.6 356.3 294.4 339.2L512 176V384C512 419.3 483.3 448 448 448H64C28.65 448 0 419.3 0 384V176L217.6 339.2z\"><\/path><\/svg><\/div><div class=\"uagb-ifb-title-wrap\"><p class=\"uagb-ifb-title\">Email<\/p><\/div><\/div><p class=\"uagb-ifb-desc\">jeannepascalphoto@gmail.com<\/p><\/div><\/div>\n<\/div>\n<\/div>\n\n\n\n<div class=\"wp-block-uagb-container uagb-block-y4iverzk\">\n<div class=\"wp-block-uagb-info-box uagb-block-g8nck6wu uagb-infobox__content-wrap  uagb-infobox-icon-above-title uagb-infobox-image-valign-top\"><div class=\"uagb-ifb-content\"><div class=\"uagb-ifb-title-wrap\"><p class=\"uagb-ifb-title\">Suivez-moi :<\/p><\/div><\/div><\/div>\n\n\n\n<div class=\"wp-block-uagb-icon-list uagb-block-apfihduw\"><div class=\"uagb-icon-list__wrap\">\n<div class=\"wp-block-uagb-icon-list-child uagb-block-mzwiluxt\"><a target=\"_blank\" aria-label=\"List item\" rel=\"noopener noreferrer\" href=\"https:\/\/www.instagram.com\/jeannepascalphotographe\/\"> <\/a><span class=\"uagb-icon-list__source-wrap\"><svg xmlns=\"https:\/\/www.w3.org\/2000\/svg\" viewBox=\"0 0 448 512\"><path d=\"M224.1 141c-63.6 0-114.9 51.3-114.9 114.9s51.3 114.9 114.9 114.9S339 319.5 339 255.9 287.7 141 224.1 141zm0 189.6c-41.1 0-74.7-33.5-74.7-74.7s33.5-74.7 74.7-74.7 74.7 33.5 74.7 74.7-33.6 74.7-74.7 74.7zm146.4-194.3c0 14.9-12 26.8-26.8 26.8-14.9 0-26.8-12-26.8-26.8s12-26.8 26.8-26.8 26.8 12 26.8 26.8zm76.1 27.2c-1.7-35.9-9.9-67.7-36.2-93.9-26.2-26.2-58-34.4-93.9-36.2-37-2.1-147.9-2.1-184.9 0-35.8 1.7-67.6 9.9-93.9 36.1s-34.4 58-36.2 93.9c-2.1 37-2.1 147.9 0 184.9 1.7 35.9 9.9 67.7 36.2 93.9s58 34.4 93.9 36.2c37 2.1 147.9 2.1 184.9 0 35.9-1.7 67.7-9.9 93.9-36.2 26.2-26.2 34.4-58 36.2-93.9 2.1-37 2.1-147.8 0-184.8zM398.8 388c-7.8 19.6-22.9 34.7-42.6 42.6-29.5 11.7-99.5 9-132.1 9s-102.7 2.6-132.1-9c-19.6-7.8-34.7-22.9-42.6-42.6-11.7-29.5-9-99.5-9-132.1s-2.6-102.7 9-132.1c7.8-19.6 22.9-34.7 42.6-42.6 29.5-11.7 99.5-9 132.1-9s102.7-2.6 132.1 9c19.6 7.8 34.7 22.9 42.6 42.6 11.7 29.5 9 99.5 9 132.1s2.7 102.7-9 132.1z\"><\/path><\/svg><\/span><\/div>\n\n\n\n<div class=\"wp-block-uagb-icon-list-child uagb-block-rii1p7k2\"><a target=\"_self\" aria-label=\"List item\" rel=\"noopener noreferrer\" href=\"https:\/\/www.linkedin.com\/in\/jeanne-pascal-9138932a5\/\"> <\/a><span class=\"uagb-icon-list__source-wrap\"><svg xmlns=\"https:\/\/www.w3.org\/2000\/svg\" viewBox=\"0 0 448 512\"><path d=\"M416 32H31.9C14.3 32 0 46.5 0 64.3v383.4C0 465.5 14.3 480 31.9 480H416c17.6 0 32-14.5 32-32.3V64.3c0-17.8-14.4-32.3-32-32.3zM135.4 416H69V202.2h66.5V416zm-33.2-243c-21.3 0-38.5-17.3-38.5-38.5S80.9 96 102.2 96c21.2 0 38.5 17.3 38.5 38.5 0 21.3-17.2 38.5-38.5 38.5zm282.1 243h-66.4V312c0-24.8-.5-56.7-34.5-56.7-34.6 0-39.9 27-39.9 54.9V416h-66.4V202.2h63.7v29.2h.9c8.9-16.8 30.6-34.5 62.9-34.5 67.2 0 79.7 44.3 79.7 101.9V416z\"><\/path><\/svg><\/span><\/div>\n<\/div><\/div>\n<\/div>\n<\/div>\n\n\n\n<div class=\"wp-block-uagb-forms uagb-forms__outer-wrap uagb-block-6xpxgvnx uagb-forms__default-btn\"><form class=\"uagb-forms-main-form\" method=\"post\" autocomplete=\"on\" name=\"uagb-form-6xpxgvnx\">\n<div class=\"wp-block-uagb-forms-name uagb-forms-name-wrap uagb-forms-field-set uagb-block-7ibllklj\"><div class=\"uagb-forms-name-label required uagb-forms-input-label\" id=\"7ibllklj\">Votre Pr\u00e9nom, Votre Nom<\/div><input type=\"text\" placeholder=\"\" required class=\"uagb-forms-name-input uagb-forms-input\" name=\"7ibllklj\" autocomplete=\"given-name\"\/><\/div>\n\n\n\n<div class=\"wp-block-uagb-forms-email uagb-forms-email-wrap uagb-forms-field-set uagb-block-t9fhn6af\"><div class=\"uagb-forms-email-label required uagb-forms-input-label\" id=\"t9fhn6af\">Comment puis-je vous contacter ? (Email, T\u00e9l\u00e9phone)<\/div><input type=\"email\" class=\"uagb-forms-email-input uagb-forms-input\" placeholder=\"\" required name=\"t9fhn6af\" autocomplete=\"email\"\/><\/div>\n\n\n\n<div class=\"wp-block-uagb-forms-select uagb-forms-select-wrap uagb-forms-field-set uagb-block-f0b66353\"><div class=\"uagb-forms-select-label required uagb-forms-input-label\" id=\"f0b66353\">Quel est votre projet photo ?<\/div><select class=\"uagb-forms-select-box uagb-forms-input\" required name=\"f0b66353\"><option value=\"\" disabled selected>Select your option<\/option><option value=\"Des souvenirs en famille\">Des souvenirs en famille<\/option><option value=\"Immortaliser notre mariage\">Immortaliser notre mariage<\/option><option value=\"Un moment en amoureux\">Un moment en amoureux<\/option><option value=\"Garder en m\u00e9moire ma grossesse\">Garder en m\u00e9moire ma grossesse<\/option><option value=\"Un autre projet qui me tient \u00e0 coeur...\">Un autre projet qui me tient \u00e0 coeur...<\/option><\/select><\/div>\n\n\n\n<div class=\"wp-block-uagb-forms-textarea uagb-forms-textarea-wrap uagb-forms-field-set uagb-block-vtsyitc2\"><div class=\"uagb-forms-textarea-label required uagb-forms-input-label\" id=\"vtsyitc2\">Quelle est l'importance de la photo pour vous ?<\/div><textarea required class=\"uagb-forms-textarea-input uagb-forms-input\" rows=\"6\" placeholder=\"\" name=\"vtsyitc2\" autocomplete=\"off\"><\/textarea><\/div>\n\n\n\n<div class=\"wp-block-uagb-forms-textarea uagb-forms-textarea-wrap uagb-forms-field-set uagb-block-a43276bc\"><div class=\"uagb-forms-textarea-label required uagb-forms-input-label\" id=\"a43276bc\">Dites m'en plus sur vous, votre projet photo, vos souhaits...<\/div><textarea required class=\"uagb-forms-textarea-input uagb-forms-input\" rows=\"6\" placeholder=\"\" name=\"a43276bc\" autocomplete=\"off\"><\/textarea><\/div>\n<div class=\"uagb-forms-form-hidden-data\"><input type=\"hidden\" class=\"uagb_forms_form_label\" value=\"Spectra Form\"\/><input type=\"hidden\" class=\"uagb_forms_form_id\" value=\"uagb-form-6xpxgvnx\"\/><\/div><div class=\"uagb-form-reacaptcha-error-6xpxgvnx\"><\/div><div class=\"uagb-forms-main-submit-button-wrap wp-block-button\"><button class=\"uagb-forms-main-submit-button wp-block-button__link\"><div class=\"uagb-forms-main-submit-button-text\">ENVOYER<\/div><\/button><\/div><\/form><div class=\"uagb-forms-success-message-6xpxgvnx uagb-forms-submit-message-hide\"><span>Votre message a bien \u00e9t\u00e9 envoy\u00e9 !<\/span><\/div><div class=\"uagb-forms-failed-message-6xpxgvnx uagb-forms-submit-message-hide\"><span>Une erreur s'est produite, merci de v\u00e9rifier les champs. <\/span><\/div><\/div>\n<\/div><\/div>\n\n\n\n<p><\/p>\n","protected":false},"excerpt":{"rendered":"<p>Accueil &#8211; Portfolio &#8211; H\u00e9ritage &#8211; T\u00e9moignage &#8211; Blog<\/p>\n","protected":false},"author":1,"featured_media":1314,"parent":0,"menu_order":0,"comment_status":"closed","ping_status":"closed","template":"","meta":{"_uag_custom_page_level_css":"","footnotes":""},"class_list":["post-442","page","type-page","status-publish","has-post-thumbnail","hentry"],"fbg_featured_image_src":{"full":["https:\/\/jeannepascalphotographe.com\/wp-content\/uploads\/2024\/09\/visuelsite.jpg",1200,630,false],"thumbnail":["https:\/\/jeannepascalphotographe.com\/wp-content\/uploads\/2024\/09\/visuelsite-150x150.jpg",150,150,true],"medium":["https:\/\/jeannepascalphotographe.com\/wp-content\/uploads\/2024\/09\/visuelsite-300x158.jpg",300,158,true],"medium_large":["https:\/\/jeannepascalphotographe.com\/wp-content\/uploads\/2024\/09\/visuelsite-768x403.jpg",640,336,true],"large":["https:\/\/jeannepascalphotographe.com\/wp-content\/uploads\/2024\/09\/visuelsite-1024x538.jpg",640,336,true],"ug_big":["https:\/\/jeannepascalphotographe.com\/wp-content\/uploads\/2024\/09\/visuelsite-768x403.jpg",768,403,true],"1536x1536":["https:\/\/jeannepascalphotographe.com\/wp-content\/uploads\/2024\/09\/visuelsite.jpg",1200,630,false],"2048x2048":["https:\/\/jeannepascalphotographe.com\/wp-content\/uploads\/2024\/09\/visuelsite.jpg",1200,630,false]},"fbg_excerpt":"Accueil - Portfolio - H\u00e9ritage - T\u00e9moignage - Blog","yoast_head":"<!-- This site is optimized with the Yoast SEO plugin v27.4 - https:\/\/yoast.com\/product\/yoast-seo-wordpress\/ -->\n<title>Infos &amp; contact - Jeanne Pascal Photographe<\/title>\n<meta name=\"robots\" content=\"index, follow, max-snippet:-1, max-image-preview:large, max-video-preview:-1\" \/>\n<link rel=\"canonical\" href=\"https:\/\/jeannepascalphotographe.com\/index.php\/infos-contact\/\" \/>\n<meta property=\"og:locale\" content=\"fr_FR\" \/>\n<meta property=\"og:type\" content=\"article\" \/>\n<meta property=\"og:title\" content=\"Infos &amp; contact - Jeanne Pascal Photographe\" \/>\n<meta property=\"og:description\" content=\"Accueil - Portfolio - H\u00e9ritage - T\u00e9moignage - Blog\" \/>\n<meta property=\"og:url\" content=\"https:\/\/jeannepascalphotographe.com\/index.php\/infos-contact\/\" \/>\n<meta property=\"og:site_name\" content=\"Jeanne Pascal Photographe\" \/>\n<meta property=\"article:modified_time\" content=\"2024-11-12T13:57:21+00:00\" \/>\n<meta property=\"og:image\" content=\"https:\/\/jeannepascalphotographe.com\/wp-content\/uploads\/2024\/09\/visuelsite.jpg\" \/>\n\t<meta property=\"og:image:width\" content=\"1200\" \/>\n\t<meta property=\"og:image:height\" content=\"630\" \/>\n\t<meta property=\"og:image:type\" content=\"image\/jpeg\" \/>\n<meta name=\"twitter:card\" content=\"summary_large_image\" \/>\n<meta name=\"twitter:label1\" content=\"Dur\u00e9e de lecture estim\u00e9e\" \/>\n\t<meta name=\"twitter:data1\" content=\"1 minute\" \/>\n<script type=\"application\/ld+json\" class=\"yoast-schema-graph\">{\"@context\":\"https:\\\/\\\/schema.org\",\"@graph\":[{\"@type\":\"WebPage\",\"@id\":\"https:\\\/\\\/jeannepascalphotographe.com\\\/index.php\\\/infos-contact\\\/\",\"url\":\"https:\\\/\\\/jeannepascalphotographe.com\\\/index.php\\\/infos-contact\\\/\",\"name\":\"Infos & contact - Jeanne Pascal Photographe\",\"isPartOf\":{\"@id\":\"https:\\\/\\\/jeannepascalphotographe.com\\\/#website\"},\"primaryImageOfPage\":{\"@id\":\"https:\\\/\\\/jeannepascalphotographe.com\\\/index.php\\\/infos-contact\\\/#primaryimage\"},\"image\":{\"@id\":\"https:\\\/\\\/jeannepascalphotographe.com\\\/index.php\\\/infos-contact\\\/#primaryimage\"},\"thumbnailUrl\":\"https:\\\/\\\/jeannepascalphotographe.com\\\/wp-content\\\/uploads\\\/2024\\\/09\\\/visuelsite.jpg\",\"datePublished\":\"2021-07-27T10:16:29+00:00\",\"dateModified\":\"2024-11-12T13:57:21+00:00\",\"breadcrumb\":{\"@id\":\"https:\\\/\\\/jeannepascalphotographe.com\\\/index.php\\\/infos-contact\\\/#breadcrumb\"},\"inLanguage\":\"fr-FR\",\"potentialAction\":[{\"@type\":\"ReadAction\",\"target\":[\"https:\\\/\\\/jeannepascalphotographe.com\\\/index.php\\\/infos-contact\\\/\"]}]},{\"@type\":\"ImageObject\",\"inLanguage\":\"fr-FR\",\"@id\":\"https:\\\/\\\/jeannepascalphotographe.com\\\/index.php\\\/infos-contact\\\/#primaryimage\",\"url\":\"https:\\\/\\\/jeannepascalphotographe.com\\\/wp-content\\\/uploads\\\/2024\\\/09\\\/visuelsite.jpg\",\"contentUrl\":\"https:\\\/\\\/jeannepascalphotographe.com\\\/wp-content\\\/uploads\\\/2024\\\/09\\\/visuelsite.jpg\",\"width\":1200,\"height\":630},{\"@type\":\"BreadcrumbList\",\"@id\":\"https:\\\/\\\/jeannepascalphotographe.com\\\/index.php\\\/infos-contact\\\/#breadcrumb\",\"itemListElement\":[{\"@type\":\"ListItem\",\"position\":1,\"name\":\"Accueil\",\"item\":\"https:\\\/\\\/jeannepascalphotographe.com\\\/\"},{\"@type\":\"ListItem\",\"position\":2,\"name\":\"Infos &#038; contact\"}]},{\"@type\":\"WebSite\",\"@id\":\"https:\\\/\\\/jeannepascalphotographe.com\\\/#website\",\"url\":\"https:\\\/\\\/jeannepascalphotographe.com\\\/\",\"name\":\"Jeanne Pascal Photographe\",\"description\":\"Donner de la m\u00e9moire \u00e0 l&#039;\u00e9ph\u00e9m\u00e8re\",\"publisher\":{\"@id\":\"https:\\\/\\\/jeannepascalphotographe.com\\\/#organization\"},\"potentialAction\":[{\"@type\":\"SearchAction\",\"target\":{\"@type\":\"EntryPoint\",\"urlTemplate\":\"https:\\\/\\\/jeannepascalphotographe.com\\\/?s={search_term_string}\"},\"query-input\":{\"@type\":\"PropertyValueSpecification\",\"valueRequired\":true,\"valueName\":\"search_term_string\"}}],\"inLanguage\":\"fr-FR\"},{\"@type\":\"Organization\",\"@id\":\"https:\\\/\\\/jeannepascalphotographe.com\\\/#organization\",\"name\":\"Jeanne Pascal Photographe\",\"url\":\"https:\\\/\\\/jeannepascalphotographe.com\\\/\",\"logo\":{\"@type\":\"ImageObject\",\"inLanguage\":\"fr-FR\",\"@id\":\"https:\\\/\\\/jeannepascalphotographe.com\\\/#\\\/schema\\\/logo\\\/image\\\/\",\"url\":\"\",\"contentUrl\":\"\",\"caption\":\"Jeanne Pascal Photographe\"},\"image\":{\"@id\":\"https:\\\/\\\/jeannepascalphotographe.com\\\/#\\\/schema\\\/logo\\\/image\\\/\"}}]}<\/script>\n<!-- \/ Yoast SEO plugin. -->","yoast_head_json":{"title":"Infos & contact - Jeanne Pascal Photographe","robots":{"index":"index","follow":"follow","max-snippet":"max-snippet:-1","max-image-preview":"max-image-preview:large","max-video-preview":"max-video-preview:-1"},"canonical":"https:\/\/jeannepascalphotographe.com\/index.php\/infos-contact\/","og_locale":"fr_FR","og_type":"article","og_title":"Infos & contact - Jeanne Pascal Photographe","og_description":"Accueil - Portfolio - H\u00e9ritage - T\u00e9moignage - Blog","og_url":"https:\/\/jeannepascalphotographe.com\/index.php\/infos-contact\/","og_site_name":"Jeanne Pascal Photographe","article_modified_time":"2024-11-12T13:57:21+00:00","og_image":[{"width":1200,"height":630,"url":"https:\/\/jeannepascalphotographe.com\/wp-content\/uploads\/2024\/09\/visuelsite.jpg","type":"image\/jpeg"}],"twitter_card":"summary_large_image","twitter_misc":{"Dur\u00e9e de lecture estim\u00e9e":"1 minute"},"schema":{"@context":"https:\/\/schema.org","@graph":[{"@type":"WebPage","@id":"https:\/\/jeannepascalphotographe.com\/index.php\/infos-contact\/","url":"https:\/\/jeannepascalphotographe.com\/index.php\/infos-contact\/","name":"Infos & contact - Jeanne Pascal Photographe","isPartOf":{"@id":"https:\/\/jeannepascalphotographe.com\/#website"},"primaryImageOfPage":{"@id":"https:\/\/jeannepascalphotographe.com\/index.php\/infos-contact\/#primaryimage"},"image":{"@id":"https:\/\/jeannepascalphotographe.com\/index.php\/infos-contact\/#primaryimage"},"thumbnailUrl":"https:\/\/jeannepascalphotographe.com\/wp-content\/uploads\/2024\/09\/visuelsite.jpg","datePublished":"2021-07-27T10:16:29+00:00","dateModified":"2024-11-12T13:57:21+00:00","breadcrumb":{"@id":"https:\/\/jeannepascalphotographe.com\/index.php\/infos-contact\/#breadcrumb"},"inLanguage":"fr-FR","potentialAction":[{"@type":"ReadAction","target":["https:\/\/jeannepascalphotographe.com\/index.php\/infos-contact\/"]}]},{"@type":"ImageObject","inLanguage":"fr-FR","@id":"https:\/\/jeannepascalphotographe.com\/index.php\/infos-contact\/#primaryimage","url":"https:\/\/jeannepascalphotographe.com\/wp-content\/uploads\/2024\/09\/visuelsite.jpg","contentUrl":"https:\/\/jeannepascalphotographe.com\/wp-content\/uploads\/2024\/09\/visuelsite.jpg","width":1200,"height":630},{"@type":"BreadcrumbList","@id":"https:\/\/jeannepascalphotographe.com\/index.php\/infos-contact\/#breadcrumb","itemListElement":[{"@type":"ListItem","position":1,"name":"Accueil","item":"https:\/\/jeannepascalphotographe.com\/"},{"@type":"ListItem","position":2,"name":"Infos &#038; contact"}]},{"@type":"WebSite","@id":"https:\/\/jeannepascalphotographe.com\/#website","url":"https:\/\/jeannepascalphotographe.com\/","name":"Jeanne Pascal Photographe","description":"Donner de la m\u00e9moire \u00e0 l&#039;\u00e9ph\u00e9m\u00e8re","publisher":{"@id":"https:\/\/jeannepascalphotographe.com\/#organization"},"potentialAction":[{"@type":"SearchAction","target":{"@type":"EntryPoint","urlTemplate":"https:\/\/jeannepascalphotographe.com\/?s={search_term_string}"},"query-input":{"@type":"PropertyValueSpecification","valueRequired":true,"valueName":"search_term_string"}}],"inLanguage":"fr-FR"},{"@type":"Organization","@id":"https:\/\/jeannepascalphotographe.com\/#organization","name":"Jeanne Pascal Photographe","url":"https:\/\/jeannepascalphotographe.com\/","logo":{"@type":"ImageObject","inLanguage":"fr-FR","@id":"https:\/\/jeannepascalphotographe.com\/#\/schema\/logo\/image\/","url":"","contentUrl":"","caption":"Jeanne Pascal Photographe"},"image":{"@id":"https:\/\/jeannepascalphotographe.com\/#\/schema\/logo\/image\/"}}]}},"uagb_featured_image_src":{"full":["https:\/\/jeannepascalphotographe.com\/wp-content\/uploads\/2024\/09\/visuelsite.jpg",1200,630,false],"thumbnail":["https:\/\/jeannepascalphotographe.com\/wp-content\/uploads\/2024\/09\/visuelsite-150x150.jpg",150,150,true],"medium":["https:\/\/jeannepascalphotographe.com\/wp-content\/uploads\/2024\/09\/visuelsite-300x158.jpg",300,158,true],"medium_large":["https:\/\/jeannepascalphotographe.com\/wp-content\/uploads\/2024\/09\/visuelsite-768x403.jpg",640,336,true],"large":["https:\/\/jeannepascalphotographe.com\/wp-content\/uploads\/2024\/09\/visuelsite-1024x538.jpg",640,336,true],"ug_big":["https:\/\/jeannepascalphotographe.com\/wp-content\/uploads\/2024\/09\/visuelsite-768x403.jpg",768,403,true],"1536x1536":["https:\/\/jeannepascalphotographe.com\/wp-content\/uploads\/2024\/09\/visuelsite.jpg",1200,630,false],"2048x2048":["https:\/\/jeannepascalphotographe.com\/wp-content\/uploads\/2024\/09\/visuelsite.jpg",1200,630,false]},"uagb_author_info":{"display_name":"Jeanne","author_link":"https:\/\/jeannepascalphotographe.com\/index.php\/author\/admin3561\/"},"uagb_comment_info":0,"uagb_excerpt":"Accueil - Portfolio - H\u00e9ritage - T\u00e9moignage - Blog","_links":{"self":[{"href":"https:\/\/jeannepascalphotographe.com\/index.php\/wp-json\/wp\/v2\/pages\/442","targetHints":{"allow":["GET"]}}],"collection":[{"href":"https:\/\/jeannepascalphotographe.com\/index.php\/wp-json\/wp\/v2\/pages"}],"about":[{"href":"https:\/\/jeannepascalphotographe.com\/index.php\/wp-json\/wp\/v2\/types\/page"}],"author":[{"embeddable":true,"href":"https:\/\/jeannepascalphotographe.com\/index.php\/wp-json\/wp\/v2\/users\/1"}],"replies":[{"embeddable":true,"href":"https:\/\/jeannepascalphotographe.com\/index.php\/wp-json\/wp\/v2\/comments?post=442"}],"version-history":[{"count":29,"href":"https:\/\/jeannepascalphotographe.com\/index.php\/wp-json\/wp\/v2\/pages\/442\/revisions"}],"predecessor-version":[{"id":3280,"href":"https:\/\/jeannepascalphotographe.com\/index.php\/wp-json\/wp\/v2\/pages\/442\/revisions\/3280"}],"wp:featuredmedia":[{"embeddable":true,"href":"https:\/\/jeannepascalphotographe.com\/index.php\/wp-json\/wp\/v2\/media\/1314"}],"wp:attachment":[{"href":"https:\/\/jeannepascalphotographe.com\/index.php\/wp-json\/wp\/v2\/media?parent=442"}],"curies":[{"name":"wp","href":"https:\/\/api.w.org\/{rel}","templated":true}]}}